{"id":1401,"date":"2025-10-13T09:47:52","date_gmt":"2025-10-13T09:47:52","guid":{"rendered":"https:\/\/aneurcontr.com\/?page_id=1401"},"modified":"2025-10-13T09:47:52","modified_gmt":"2025-10-13T09:47:52","slug":"vseobecne-podminky","status":"publish","type":"page","link":"https:\/\/aneurcontr.com\/?page_id=1401","title":{"rendered":"V\u0161eobecn\u00e9 podm\u00ednky"},"content":{"rendered":"<p>V\u00edtejte na str\u00e1nk\u00e1ch aneurcontr.com!<\/p>\n<p>Tyto podm\u00ednky popisuj\u00ed pravidla a p\u0159edpisy pro pou\u017e\u00edv\u00e1n\u00ed webov\u00fdch str\u00e1nek aneurcontr.com um\u00edst\u011bn\u00fdch na adrese aneurcontr.com.<\/p>\n<p>Vstupem na tyto webov\u00e9 str\u00e1nky p\u0159edpokl\u00e1d\u00e1me, \u017ee s t\u011bmito podm\u00ednkami souhlas\u00edte. Nepokra\u010dujte v pou\u017e\u00edv\u00e1n\u00ed webov\u00fdch str\u00e1nek aneurcontr.com pokud nesouhlas\u00edte s p\u0159ijet\u00edm v\u0161ech podm\u00ednek uveden\u00fdch na t\u00e9to str\u00e1nce.<\/p>\n<p>N\u00e1sleduj\u00edc\u00ed terminologie se vztahuje na tyto smluvn\u00ed podm\u00ednky, z\u00e1sady ochrany osobn\u00edch \u00fadaj\u016f a ozn\u00e1men\u00ed o vylou\u010den\u00ed odpov\u011bdnosti a na v\u0161echny dohody: &#8222;Z\u00e1kazn\u00edk&#8220;, &#8222;vy&#8220; a &#8222;v\u00e1\u0161&#8220; znamen\u00e1 v\u00e1s, osobu, kter\u00e1 nav\u0161t\u011bvuje tyto webov\u00e9 str\u00e1nky a dodr\u017euje smluvn\u00ed podm\u00ednky spole\u010dnosti. &#8222;Spole\u010dnost&#8220;, &#8222;my&#8220;, &#8222;n\u00e1s&#8220;, &#8222;n\u00e1s&#8220;, &#8222;na\u0161e&#8220; a &#8222;N\u00c1S&#8220; ozna\u010duje na\u0161i spole\u010dnost. &#8222;Strana&#8220;, &#8222;strany&#8220; nebo &#8222;my&#8220; ozna\u010duje z\u00e1kazn\u00edka i n\u00e1s. V\u0161echny pojmy se vztahuj\u00ed k nab\u00eddce, p\u0159ijet\u00ed a \u00fahrad\u011b plateb nezbytn\u00fdch k proveden\u00ed procesu pomoci klientovi nejvhodn\u011bj\u0161\u00edm zp\u016fsobem k uspokojen\u00ed jeho pot\u0159eb v souvislosti s poskytov\u00e1n\u00edm uveden\u00fdch slu\u017eeb Spole\u010dnost\u00ed v souladu s nizozemsk\u00fdm pr\u00e1vem. Jak\u00e9koli pou\u017eit\u00ed v\u00fd\u0161e uveden\u00e9 terminologie nebo jin\u00fdch slov v jednotn\u00e9m \u010d\u00edsle, mno\u017en\u00e9m \u010d\u00edsle, s velk\u00fdm po\u010d\u00e1te\u010dn\u00edm p\u00edsmenem a\/nebo on\/ona nebo oni se pova\u017euje za zam\u011bniteln\u00e9, a tud\u00ed\u017e se vztahuje k t\u00e9\u017ee v\u011bci.<\/p>\n<p><b>Cookie<\/b><br \/>\nPou\u017e\u00edv\u00e1me soubory cookie. Vstupem na webov\u00e9 str\u00e1nky aneurcontr.com souhlas\u00edte s pou\u017e\u00edv\u00e1n\u00edm soubor\u016f cookie v souladu se z\u00e1sadami ochrany osobn\u00edch \u00fadaj\u016f spole\u010dnosti aneurcontr.com.<\/p>\n<p>V\u011bt\u0161ina interaktivn\u00edch webov\u00fdch str\u00e1nek pou\u017e\u00edv\u00e1 soubory cookie k z\u00edsk\u00e1n\u00ed informac\u00ed o u\u017eivateli p\u0159i ka\u017ed\u00e9 n\u00e1v\u0161t\u011bv\u011b. Na\u0161e webov\u00e9 str\u00e1nky pou\u017e\u00edvaj\u00ed soubory cookie k zaji\u0161t\u011bn\u00ed funk\u010dnosti ur\u010dit\u00fdch oblast\u00ed a k usnadn\u011bn\u00ed pr\u00e1ce n\u00e1v\u0161t\u011bvn\u00edk\u016f na\u0161ich webov\u00fdch str\u00e1nek. Soubory cookie mohou pou\u017e\u00edvat tak\u00e9 n\u011bkte\u0159\u00ed na\u0161i partne\u0159i\/reklamn\u00ed partne\u0159i.<\/p>\n<p><b>Licence<\/b><br \/>\nNen\u00ed-li uvedeno jinak, spole\u010dnost aneurcontr.com a\/nebo jej\u00ed poskytovatel\u00e9 licenc\u00ed vlastn\u00ed pr\u00e1va du\u0161evn\u00edho vlastnictv\u00ed ke v\u0161em materi\u00e1l\u016fm na webov\u00fdch str\u00e1nk\u00e1ch aneurcontr.com. Ve\u0161ker\u00e1 pr\u00e1va du\u0161evn\u00edho vlastnictv\u00ed jsou vyhrazena. P\u0159\u00edstup k materi\u00e1l\u016fm z webov\u00fdch str\u00e1nek aneurcontr.com m\u016f\u017eete z\u00edskat pro vlastn\u00ed pot\u0159ebu s v\u00fdhradou omezen\u00ed uveden\u00fdch v t\u011bchto smluvn\u00edch podm\u00ednk\u00e1ch.<\/p>\n<p>Nem\u011bli byste:<\/p>\n<ul>\n<li>Materi\u00e1ly ze str\u00e1nek aneurcontr.com;<\/li>\n<li>prod\u00e1vat, pronaj\u00edmat nebo poskytovat sublicence na jak\u00fdkoli materi\u00e1l z webu aneurcontr.com;<\/li>\n<li>reprodukovat, duplikovat nebo kop\u00edrovat jak\u00fdkoli materi\u00e1l z webov\u00fdch str\u00e1nek aneurcontr.com;<\/li>\n<li>Obsah str\u00e1nek aneurcontr.com.<\/li>\n<\/ul>\n<p>Sekce t\u011bchto str\u00e1nek poskytuj\u00ed u\u017eivatel\u016fm mo\u017enost zve\u0159ej\u0148ovat a sd\u00edlet n\u00e1zory a informace ve specifick\u00fdch oblastech str\u00e1nek. aneurcontr.com nefiltruje, neupravuje, nezve\u0159ej\u0148uje ani nep\u0159ezkoum\u00e1v\u00e1 koment\u00e1\u0159e p\u0159ed jejich zve\u0159ejn\u011bn\u00edm na str\u00e1nk\u00e1ch. Koment\u00e1\u0159e neodr\u00e1\u017eej\u00ed n\u00e1zory a stanoviska spole\u010dnosti aneurcontr.com, jej\u00edch z\u00e1stupc\u016f a\/nebo p\u0159idru\u017een\u00fdch spole\u010dnost\u00ed. Koment\u00e1\u0159e odr\u00e1\u017eej\u00ed n\u00e1zory a stanoviska osoby, kter\u00e1 je zve\u0159ejnila. V rozsahu povolen\u00e9m platn\u00fdmi pr\u00e1vn\u00edmi p\u0159edpisy nenese spole\u010dnost aneurcontr.com odpov\u011bdnost za jak\u00e9koli koment\u00e1\u0159e ani za jakoukoli odpov\u011bdnost, \u0161kodu nebo v\u00fddaje zp\u016fsoben\u00e9 a\/nebo vznikl\u00e9 v d\u016fsledku pou\u017eit\u00ed a\/nebo zve\u0159ejn\u011bn\u00ed a\/nebo v\u00fdskytu jak\u00fdchkoli koment\u00e1\u0159\u016f na t\u011bchto webov\u00fdch str\u00e1nk\u00e1ch. aneurcontr.com si vyhrazuje pr\u00e1vo monitorovat v\u0161echny koment\u00e1\u0159e a odstranit koment\u00e1\u0159e, kter\u00e9 by mohly b\u00fdt pova\u017eov\u00e1ny za nevhodn\u00e9, ur\u00e1\u017eliv\u00e9 nebo poru\u0161uj\u00edc\u00ed tyto smluvn\u00ed podm\u00ednky.<\/p>\n<p>Zaru\u010dujete a prohla\u0161ujete, \u017ee:<\/p>\n<ul>\n<li>M\u00e1te pr\u00e1vo zve\u0159ej\u0148ovat Koment\u00e1\u0159e na na\u0161ich webov\u00fdch str\u00e1nk\u00e1ch a vlastn\u00edte v\u0161echny pot\u0159ebn\u00e9 licence a opr\u00e1vn\u011bn\u00ed k jejich zve\u0159ej\u0148ov\u00e1n\u00ed;<\/li>\n<li>Koment\u00e1\u0159e neporu\u0161uj\u00ed \u017e\u00e1dn\u00e1 pr\u00e1va du\u0161evn\u00edho vlastnictv\u00ed, v\u010detn\u011b, mimo jin\u00e9, autorsk\u00fdch pr\u00e1v, patent\u016f nebo ochrann\u00fdch zn\u00e1mek t\u0159et\u00edch stran;<\/li>\n<li>Koment\u00e1\u0159e neobsahuj\u00ed hanliv\u00e9, pomlouva\u010dn\u00e9, ur\u00e1\u017eliv\u00e9, obsc\u00e9nn\u00ed nebo jinak nez\u00e1konn\u00e9 materi\u00e1ly, kter\u00e9 p\u0159edstavuj\u00ed z\u00e1sah do soukrom\u00ed.<\/li>\n<li>Koment\u00e1\u0159e nebudou pou\u017e\u00edv\u00e1ny k reklam\u011b nebo propagaci komer\u010dn\u00edch nebo osobn\u00edch aktivit, ani k prezentaci komer\u010dn\u00edch nebo nez\u00e1konn\u00fdch aktivit.<\/li>\n<\/ul>\n<p>T\u00edmto ud\u011blujete spole\u010dnosti aneurcontr.com nev\u00fdhradn\u00ed licenci k pou\u017e\u00edv\u00e1n\u00ed, reprodukci, \u00faprav\u00e1m a k opr\u00e1vn\u011bn\u00ed ostatn\u00edch pou\u017e\u00edvat, reprodukovat a upravovat va\u0161e koment\u00e1\u0159e v jak\u00e9koli form\u011b, form\u00e1tu nebo m\u00e9diu.<\/p>\n<p>Hypertextov\u00fd odkaz na na\u0161e materi\u00e1ly<\/p>\n<p>N\u00e1sleduj\u00edc\u00ed organizace mohou odkazovat na na\u0161e webov\u00e9 str\u00e1nky bez p\u0159edchoz\u00edho p\u00edsemn\u00e9ho souhlasu:<\/p>\n<ul>\n<li>Vl\u00e1dn\u00ed agentury;<\/li>\n<li>vyhled\u00e1va\u010de;<\/li>\n<li>zpravodajsk\u00e9 organizace;<\/li>\n<li>spole\u010dnosti vyd\u00e1vaj\u00edc\u00ed online katalogy mohou odkazovat na na\u0161e str\u00e1nky stejn\u00fdm zp\u016fsobem, jak\u00fdm odkazuj\u00ed na str\u00e1nky jin\u00fdch spole\u010dnost\u00ed uveden\u00fdch na burze;<\/li>\n<li>akreditovan\u00e9 spole\u010dnosti, s v\u00fdjimkou neziskov\u00fdch organizac\u00ed, charitativn\u00edch n\u00e1kupn\u00edch center a dobro\u010dinn\u00fdch nadac\u00ed, kter\u00e9 na na\u0161e str\u00e1nky odkazovat nesm\u011bj\u00ed.<\/li>\n<\/ul>\n<p>Tyto organizace mohou odkazovat na na\u0161i domovskou str\u00e1nku, publikace nebo jin\u00e9 informace na webu za p\u0159edpokladu, \u017ee takov\u00fd odkaz (a) nen\u00ed \u017e\u00e1dn\u00fdm zp\u016fsobem klamav\u00fd; (b) neznamen\u00e1 fale\u0161n\u00e9 sponzorov\u00e1n\u00ed, podporu nebo schv\u00e1len\u00ed odkazovan\u00e9 strany a jej\u00edch produkt\u016f a\/nebo slu\u017eeb; a (c) zapad\u00e1 do kontextu odkazovan\u00e9ho webu.<\/p>\n<p>M\u016f\u017eeme zv\u00e1\u017eit a schv\u00e1lit dal\u0161\u00ed \u017e\u00e1dosti o propojen\u00ed od n\u00e1sleduj\u00edc\u00edch typ\u016f organizac\u00ed:<\/p>\n<ul>\n<li>B\u011b\u017en\u011b zn\u00e1m\u00e9 zdroje informac\u00ed pro spot\u0159ebitele a\/nebo podniky;<\/li>\n<li>webov\u00e9 str\u00e1nky komunity dot.com;<\/li>\n<li>sdru\u017een\u00ed nebo jin\u00e9 skupiny zastupuj\u00edc\u00ed charitativn\u00ed organizace;<\/li>\n<li>distributo\u0159i online katalog\u016f;<\/li>\n<li>internetov\u00e9 port\u00e1ly;<\/li>\n<li>\u00fa\u010detn\u00ed, pr\u00e1vn\u00ed a poradensk\u00e9 firmy a<\/li>\n<li>vzd\u011bl\u00e1vac\u00ed instituce a profesn\u00ed sdru\u017een\u00ed.<\/li>\n<\/ul>\n<p>\u017d\u00e1dostem t\u011bchto organizac\u00ed o odkaz vyhov\u00edme, pokud zjist\u00edme, \u017ee (a) odkaz nen\u00ed pro n\u00e1s nebo na\u0161e akreditovan\u00e9 podniky nep\u0159\u00edzniv\u00fd; (b) organizace s n\u00e1mi nem\u00e1 nep\u0159\u00edzniv\u00fd vztah; (c) p\u0159\u00ednos pro n\u00e1s z viditelnosti hypertextov\u00e9ho odkazu kompenzuje nedostatek skute\u010dn\u00fdch kilobajt\u016f; a (d) odkaz je spojen s obecn\u00fdmi informacemi o zdroj\u00edch.<\/p>\n<p>Tyto organizace mohou odkazovat na na\u0161i domovskou str\u00e1nku za p\u0159edpokladu, \u017ee odkaz (a) nen\u00ed \u017e\u00e1dn\u00fdm zp\u016fsobem klamav\u00fd; (b) nepravdiv\u011b neimplikuje sponzorstv\u00ed, podporu nebo schv\u00e1len\u00ed odkazovan\u00e9 strany a jej\u00edch produkt\u016f nebo slu\u017eeb; a (c) zapad\u00e1 do kontextu str\u00e1nky, ke kter\u00e9 je \u00faryvek p\u0159ipojen.<\/p>\n<p>Pokud jste jednou z organizac\u00ed uveden\u00fdch v bod\u011b 2 a chcete na na\u0161e str\u00e1nky um\u00edstit odkaz, mus\u00edte n\u00e1m to ozn\u00e1mit e-mailem na adresu <a href=\"mailto:info@aneurcontr.com\">info@aneurcontr.com<\/a>. Uve\u010fte sv\u00e9 jm\u00e9no, n\u00e1zev organizace, kontaktn\u00ed \u00fadaje a adresu URL webov\u00fdch str\u00e1nek, seznam adres URL, ze kter\u00fdch chcete na na\u0161e webov\u00e9 str\u00e1nky odkazovat, a seznam adres URL na\u0161ich webov\u00fdch str\u00e1nek, na kter\u00e9 chcete odkazovat. Odpov\u011b\u010f o\u010dek\u00e1vejte do 2-3 t\u00fddn\u016f.<\/p>\n<p>Autorizovan\u00e9 organizace mohou na na\u0161e webov\u00e9 str\u00e1nky odkazovat takto:<\/p>\n<ul>\n<li>Uveden\u00edm n\u00e1zvu na\u0161\u00ed spole\u010dnosti;<\/li>\n<li>nebo pomoc\u00ed Uniform Resource Locator;<\/li>\n<li>nebo pomoc\u00ed jin\u00e9ho popisu na\u0161ich odkazovan\u00fdch str\u00e1nek, kter\u00fd je vhodn\u00fd v kontextu a form\u00e1tu obsahu str\u00e1nek odkazovan\u00e9 strany.<\/li>\n<\/ul>\n<p>Pou\u017eit\u00ed loga aneurcontr.com nebo jin\u00e9ho um\u011bleck\u00e9ho vzoru nen\u00ed pro odkazy povoleno, pokud nen\u00ed uzav\u0159ena licen\u010dn\u00ed smlouva na ochrannou zn\u00e1mku.<\/p>\n<p><b>IFRAME<\/b><br \/>\nBez p\u0159edchoz\u00edho p\u00edsemn\u00e9ho souhlasu nesm\u00edte vytv\u00e1\u0159et kolem na\u0161ich webov\u00fdch str\u00e1nek r\u00e1my, kter\u00e9 by jak\u00fdmkoli zp\u016fsobem m\u011bnily vizu\u00e1ln\u00ed prezentaci nebo vzhled na\u0161ich webov\u00fdch str\u00e1nek.<\/p>\n<p><b>Odpov\u011bdnost za obsah<\/b><br \/>\nNejsme odpov\u011bdn\u00ed za \u017e\u00e1dn\u00fd obsah zve\u0159ejn\u011bn\u00fd na va\u0161ich webov\u00fdch str\u00e1nk\u00e1ch. Souhlas\u00edte s t\u00edm, \u017ee n\u00e1s budete br\u00e1nit proti jak\u00fdmkoli n\u00e1rok\u016fm vypl\u00fdvaj\u00edc\u00edm z pou\u017e\u00edv\u00e1n\u00ed va\u0161ich str\u00e1nek. Na \u017e\u00e1dn\u00fdch str\u00e1nk\u00e1ch by nem\u011bly b\u00fdt zve\u0159ej\u0148ov\u00e1ny odkazy, kter\u00e9 by mohly b\u00fdt pova\u017eov\u00e1ny za hanliv\u00e9, obsc\u00e9nn\u00ed nebo trestn\u00e9, nebo kter\u00e9 poru\u0161uj\u00ed, poru\u0161uj\u00ed nebo jinak poru\u0161uj\u00ed pr\u00e1va t\u0159et\u00edch stran.<\/p>\n<p><b>Va\u0161e soukrom\u00ed<\/b><br \/>\np\u0159e\u010dt\u011bte si pros\u00edm na\u0161e z\u00e1sady ochrany osobn\u00edch \u00fadaj\u016f<\/p>\n<p><b>Vyhrazujeme si pr\u00e1va<\/b><br \/>\nVyhrazujeme si pr\u00e1vo odstranit odkazy nebo konkr\u00e9tn\u00ed odkazy na na\u0161e webov\u00e9 str\u00e1nky. Souhlas\u00edte s t\u00edm, \u017ee na po\u017e\u00e1d\u00e1n\u00ed okam\u017eit\u011b odstran\u00edte ve\u0161ker\u00e9 odkazy na na\u0161e str\u00e1nky. Vyhrazujeme si tak\u00e9 pr\u00e1vo kdykoli zm\u011bnit tyto podm\u00ednky a z\u00e1sady odkazov\u00e1n\u00ed. T\u00edm, \u017ee kdykoli odk\u00e1\u017eete na na\u0161e str\u00e1nky, souhlas\u00edte s t\u00edm, \u017ee se t\u011bmito podm\u00ednkami odkazov\u00e1n\u00ed budete \u0159\u00eddit a budete je dodr\u017eovat.<\/p>\n<p><b>Odstran\u011bn\u00ed odkaz\u016f z na\u0161ich str\u00e1nek<\/b><br \/>\nPokud na na\u0161ich str\u00e1nk\u00e1ch naleznete odkaz, kter\u00fd je z jak\u00e9hokoli d\u016fvodu ur\u00e1\u017eliv\u00fd, m\u016f\u017eete n\u00e1s kdykoli kontaktovat a informovat n\u00e1s o tom. \u017d\u00e1dostmi o odstran\u011bn\u00ed odkaz\u016f se budeme zab\u00fdvat, ale nejsme povinni odpov\u011bd\u011bt p\u0159\u00edmo u\u017eivateli.<\/p>\n<p>Nezaru\u010dujeme spr\u00e1vnost informac\u00ed na t\u011bchto str\u00e1nk\u00e1ch, ani neru\u010d\u00edme za jejich \u00faplnost a p\u0159esnost; nep\u0159eb\u00edr\u00e1me ani \u017e\u00e1dnou povinnost zp\u0159\u00edstup\u0148ovat str\u00e1nky nebo udr\u017eovat materi\u00e1ly na str\u00e1nk\u00e1ch aktu\u00e1ln\u00ed.<\/p>\n<p><b>Z\u0159eknut\u00ed se odpov\u011bdnosti<\/b><br \/>\nV maxim\u00e1ln\u00edm rozsahu povolen\u00e9m platn\u00fdmi pr\u00e1vn\u00edmi p\u0159edpisy vylu\u010dujeme ve\u0161ker\u00e1 prohl\u00e1\u0161en\u00ed, z\u00e1ruky a podm\u00ednky t\u00fdkaj\u00edc\u00ed se na\u0161ich str\u00e1nek a jejich pou\u017e\u00edv\u00e1n\u00ed. \u017d\u00e1dn\u00e9 z ustanoven\u00ed tohoto prohl\u00e1\u0161en\u00ed o vylou\u010den\u00ed odpov\u011bdnosti se nevztahuje na:<\/p>\n<ul>\n<li>neomezuje ani nevylu\u010duje na\u0161i nebo va\u0161i odpov\u011bdnost za smrt nebo zran\u011bn\u00ed osob;<\/li>\n<li>neomezuje ani nevylu\u010duje na\u0161i nebo va\u0161i odpov\u011bdnost za podvod nebo podvodn\u00e9 zkreslen\u00ed;<\/li>\n<li>omezovat na\u0161i nebo va\u0161i odpov\u011bdnost jak\u00fdmkoli zp\u016fsobem, kter\u00fd nen\u00ed povolen platn\u00fdmi pr\u00e1vn\u00edmi p\u0159edpisy;<\/li>\n<li>vylou\u010dit jakoukoli na\u0161i nebo va\u0161i odpov\u011bdnost, kterou nelze vylou\u010dit podle platn\u00fdch pr\u00e1vn\u00edch p\u0159edpis\u016f.<\/li>\n<\/ul>\n<p>Omezen\u00ed a vylou\u010den\u00ed odpov\u011bdnosti v tomto odd\u00edle a v jin\u00fdch \u010d\u00e1stech tohoto Prohl\u00e1\u0161en\u00ed o vylou\u010den\u00ed odpov\u011bdnosti: (a) se \u0159\u00edd\u00ed p\u0159edchoz\u00edm odstavcem; a (b) upravuj\u00ed v\u0161echny z\u00e1vazky vypl\u00fdvaj\u00edc\u00ed z tohoto Prohl\u00e1\u0161en\u00ed o vylou\u010den\u00ed odpov\u011bdnosti, v\u010detn\u011b z\u00e1vazk\u016f ze smlouvy, delikt\u016f a poru\u0161en\u00ed z\u00e1konn\u00fdch povinnost\u00ed.<\/p>\n<p>Dokud jsou webov\u00e9 str\u00e1nky a informace a slu\u017eby na nich poskytov\u00e1ny bezplatn\u011b, neneseme odpov\u011bdnost za jakoukoli ztr\u00e1tu nebo \u0161kodu jak\u00e9hokoli druhu.<\/p>\n","protected":false},"excerpt":{"rendered":"<p>V\u00edtejte na str\u00e1nk\u00e1ch aneurcontr.com! Tyto podm\u00ednky popisuj\u00ed pravidla a p\u0159edpisy pro pou\u017e\u00edv\u00e1n\u00ed webov\u00fdch str\u00e1nek aneurcontr.com um\u00edst\u011bn\u00fdch na adrese aneurcontr.com. Vstupem na tyto webov\u00e9 str\u00e1nky p\u0159edpokl\u00e1d\u00e1me, \u017ee s t\u011bmito podm\u00ednkami souhlas\u00edte.&hellip;<\/p>\n","protected":false},"author":1,"featured_media":0,"parent":0,"menu_order":0,"comment_status":"closed","ping_status":"closed","template":"","meta":{"footnotes":""},"class_list":["post-1401","page","type-page","status-publish","hentry"],"_links":{"self":[{"href":"https:\/\/aneurcontr.com\/index.php?rest_route=\/wp\/v2\/pages\/1401","targetHints":{"allow":["GET"]}}],"collection":[{"href":"https:\/\/aneurcontr.com\/index.php?rest_route=\/wp\/v2\/pages"}],"about":[{"href":"https:\/\/aneurcontr.com\/index.php?rest_route=\/wp\/v2\/types\/page"}],"author":[{"embeddable":true,"href":"https:\/\/aneurcontr.com\/index.php?rest_route=\/wp\/v2\/users\/1"}],"replies":[{"embeddable":true,"href":"https:\/\/aneurcontr.com\/index.php?rest_route=%2Fwp%2Fv2%2Fcomments&post=1401"}],"version-history":[{"count":1,"href":"https:\/\/aneurcontr.com\/index.php?rest_route=\/wp\/v2\/pages\/1401\/revisions"}],"predecessor-version":[{"id":1405,"href":"https:\/\/aneurcontr.com\/index.php?rest_route=\/wp\/v2\/pages\/1401\/revisions\/1405"}],"wp:attachment":[{"href":"https:\/\/aneurcontr.com\/index.php?rest_route=%2Fwp%2Fv2%2Fmedia&parent=1401"}],"curies":[{"name":"wp","href":"https:\/\/api.w.org\/{rel}","templated":true}]}}