{"id":1399,"date":"2025-10-13T09:47:30","date_gmt":"2025-10-13T09:47:30","guid":{"rendered":"https:\/\/aneurcontr.com\/?page_id=1399"},"modified":"2025-10-13T09:47:30","modified_gmt":"2025-10-13T09:47:30","slug":"soubory-cookie","status":"publish","type":"page","link":"https:\/\/aneurcontr.com\/?page_id=1399","title":{"rendered":"Soubory cookie"},"content":{"rendered":"<p>Tyto str\u00e1nky pou\u017e\u00edvaj\u00ed soubory cookie ke zlep\u0161en\u00ed u\u017eivatelsk\u00e9ho komfortu. Pou\u017e\u00edv\u00e1n\u00edm t\u011bchto str\u00e1nek souhlas\u00edte s pou\u017e\u00edv\u00e1n\u00edm soubor\u016f cookie.<\/p>\n<p>Co jsou to soubory cookie? Soubory cookie jsou mal\u00e9 textov\u00e9 soubory ulo\u017een\u00e9 ve va\u0161em po\u010d\u00edta\u010di, kter\u00e9 webov\u00fdm str\u00e1nk\u00e1m umo\u017e\u0148uj\u00ed sledovat a ukl\u00e1dat informace o va\u0161\u00ed interakci s webovou str\u00e1nkou. Tyto soubory n\u00e1m pom\u00e1haj\u00ed analyzovat, jak na\u0161e webov\u00e9 str\u00e1nky pou\u017e\u00edv\u00e1te, a umo\u017e\u0148uj\u00ed n\u00e1m poskytovat v\u00e1m lep\u0161\u00ed a relevantn\u011bj\u0161\u00ed obsah.<\/p>\n<p>Jak\u00e9 soubory cookie pou\u017e\u00edv\u00e1me? Na na\u0161ich webov\u00fdch str\u00e1nk\u00e1ch pou\u017e\u00edv\u00e1me n\u00e1sleduj\u00edc\u00ed typy soubor\u016f cookie:<\/p>\n<p>&#8211; Z\u00e1kladn\u00ed soubory cookie: tyto soubory cookie jsou nezbytn\u00e9 pro fungov\u00e1n\u00ed na\u0161ich webov\u00fdch str\u00e1nek a umo\u017e\u0148uj\u00ed pou\u017e\u00edvat z\u00e1kladn\u00ed funkce, jako je p\u0159ihla\u0161ov\u00e1n\u00ed nebo n\u00e1kupy.<\/p>\n<p>&#8211; Analytick\u00e9 soubory cookie: tyto soubory cookie n\u00e1m pom\u00e1haj\u00ed sledovat, jak na\u0161e str\u00e1nky pou\u017e\u00edv\u00e1te, abychom mohli zlep\u0161it jejich v\u00fdkon a obsah.<\/p>\n<p>&#8211; Reklamn\u00ed soubory cookie: tyto soubory cookie n\u00e1m umo\u017e\u0148uj\u00ed poskytovat v\u00e1m relevantn\u00ed reklamu na z\u00e1klad\u011b va\u0161eho chov\u00e1n\u00ed na na\u0161ich str\u00e1nk\u00e1ch.<\/p>\n<p>Jak m\u016f\u017eete soubory cookie spravovat? Na t\u011bchto webov\u00fdch str\u00e1nk\u00e1ch m\u016f\u017eete povolit nebo zak\u00e1zat soubory cookie. Upozor\u0148ujeme v\u0161ak, \u017ee zak\u00e1z\u00e1n\u00ed n\u011bkter\u00fdch typ\u016f soubor\u016f cookie m\u016f\u017ee ovlivnit funk\u010dnost webu.<\/p>\n<p>Kliknut\u00edm na tla\u010d\u00edtko &#8222;Souhlas\u00edm&#8220; n\u00ed\u017ee souhlas\u00edte s pou\u017e\u00edv\u00e1n\u00edm v\u0161ech typ\u016f soubor\u016f cookie na tomto webu. Pokud si nep\u0159ejete pou\u017e\u00edv\u00e1n\u00ed soubor\u016f cookie povolit, m\u016f\u017eete zvolit mo\u017enost &#8222;Nesouhlas\u00edm&#8220; a pokra\u010dovat v pou\u017e\u00edv\u00e1n\u00ed str\u00e1nek, av\u0161ak n\u011bkter\u00e9 funkce mohou b\u00fdt omezeny.<\/p>\n<p>Dal\u0161\u00ed informace o na\u0161ich z\u00e1sad\u00e1ch ochrany osobn\u00edch \u00fadaj\u016f a souborech cookie naleznete na str\u00e1nce Informace o ochran\u011b osobn\u00edch \u00fadaj\u016f.<\/p>\n<p>D\u011bkujeme v\u00e1m za d\u016fv\u011bru a pou\u017e\u00edv\u00e1n\u00ed na\u0161ich webov\u00fdch str\u00e1nek.<\/p>\n","protected":false},"excerpt":{"rendered":"<p>Tyto str\u00e1nky pou\u017e\u00edvaj\u00ed soubory cookie ke zlep\u0161en\u00ed u\u017eivatelsk\u00e9ho komfortu. Pou\u017e\u00edv\u00e1n\u00edm t\u011bchto str\u00e1nek souhlas\u00edte s pou\u017e\u00edv\u00e1n\u00edm soubor\u016f cookie. Co jsou to soubory cookie? Soubory cookie jsou mal\u00e9 textov\u00e9 soubory ulo\u017een\u00e9 ve&hellip;<\/p>\n","protected":false},"author":1,"featured_media":0,"parent":0,"menu_order":0,"comment_status":"closed","ping_status":"closed","template":"","meta":{"footnotes":""},"class_list":["post-1399","page","type-page","status-publish","hentry"],"_links":{"self":[{"href":"https:\/\/aneurcontr.com\/index.php?rest_route=\/wp\/v2\/pages\/1399","targetHints":{"allow":["GET"]}}],"collection":[{"href":"https:\/\/aneurcontr.com\/index.php?rest_route=\/wp\/v2\/pages"}],"about":[{"href":"https:\/\/aneurcontr.com\/index.php?rest_route=\/wp\/v2\/types\/page"}],"author":[{"embeddable":true,"href":"https:\/\/aneurcontr.com\/index.php?rest_route=\/wp\/v2\/users\/1"}],"replies":[{"embeddable":true,"href":"https:\/\/aneurcontr.com\/index.php?rest_route=%2Fwp%2Fv2%2Fcomments&post=1399"}],"version-history":[{"count":1,"href":"https:\/\/aneurcontr.com\/index.php?rest_route=\/wp\/v2\/pages\/1399\/revisions"}],"predecessor-version":[{"id":1403,"href":"https:\/\/aneurcontr.com\/index.php?rest_route=\/wp\/v2\/pages\/1399\/revisions\/1403"}],"wp:attachment":[{"href":"https:\/\/aneurcontr.com\/index.php?rest_route=%2Fwp%2Fv2%2Fmedia&parent=1399"}],"curies":[{"name":"wp","href":"https:\/\/api.w.org\/{rel}","templated":true}]}}