{"id":1398,"date":"2025-10-13T09:47:21","date_gmt":"2025-10-13T09:47:21","guid":{"rendered":"https:\/\/aneurcontr.com\/?page_id=1398"},"modified":"2025-10-13T09:47:21","modified_gmt":"2025-10-13T09:47:21","slug":"kontaktujte-nas","status":"publish","type":"page","link":"https:\/\/aneurcontr.com\/?page_id=1398","title":{"rendered":"Kontaktujte n\u00e1s"},"content":{"rendered":"<p>Tyto webov\u00e9 str\u00e1nky vlastn\u00ed spole\u010dnost Aneurcontr S.R.O. Sna\u017e\u00edme se na\u0161im u\u017eivatel\u016fm poskytovat relevantn\u00ed a u\u017eite\u010dn\u00e9 informace.<\/p>\n<p>N\u00e1zev spole\u010dnosti: Aneurcontr S.R.O.<br \/>\nPr\u00e1vn\u00ed adresa: n\u00e1m. M\u00edru 137\/78, 568 02 Svitavy 2, \u010cesk\u00e1 republika<br \/>\nE-mail: <a href=\"mailto:info@aneurcontr.com\">info@aneurcontr.com<\/a><br \/>\nTelefon: <a href=\"tel:+420724389942\">+420724389942<\/a><br \/>\nGener\u00e1ln\u00ed \u0159editel: Irena Chaloupkov\u00e1<br \/>\nRegistra\u010dn\u00ed \u010d\u00edslo: 74366183<br \/>\nN\u00e1zev registruj\u00edc\u00edho org\u00e1nu: Carda Petr Mgr.<br \/>\nAdresa registruj\u00edc\u00edho org\u00e1nu: Pod V\u011b\u017e\u00ed 121, 568 02 Svitavy 2, \u010cesk\u00e1 republika<\/p>\n<p><b>Obsah Odpov\u011bdnost:<\/b><br \/>\nOdpov\u011bdnost za obsah odkaz\u016f na webov\u00e9 str\u00e1nky t\u0159et\u00edch stran, kter\u00e9 mohou b\u00fdt dostupn\u00e9 na na\u0161ich webov\u00fdch str\u00e1nk\u00e1ch, neneseme odpov\u011bdnost. Ve\u0161kerou odpov\u011bdnost za obsah t\u011bchto odkaz\u016f nesou jejich p\u0159\u00edslu\u0161n\u00ed vlastn\u00edci. Neneseme odpov\u011bdnost za jak\u00e9koli p\u0159\u00edm\u00e9 \u010di nep\u0159\u00edm\u00e9 \u0161kody vznikl\u00e9 v d\u016fsledku pou\u017e\u00edv\u00e1n\u00ed informac\u00ed uveden\u00fdch na na\u0161ich str\u00e1nk\u00e1ch.<\/p>\n<p><b>Autorsk\u00e1 pr\u00e1va:<\/b><br \/>\nVe\u0161ker\u00fd materi\u00e1l na na\u0161ich webov\u00fdch str\u00e1nk\u00e1ch, v\u010detn\u011b textu, obr\u00e1zk\u016f, grafiky, designu a softwaru, je chr\u00e1n\u011bn autorsk\u00fdmi pr\u00e1vy. Jeho pou\u017e\u00edv\u00e1n\u00ed nebo \u0161\u00ed\u0159en\u00ed bez souhlasu dr\u017eitele autorsk\u00fdch pr\u00e1v je zak\u00e1z\u00e1no.<\/p>\n<p>V p\u0159\u00edpad\u011b jak\u00fdchkoli dotaz\u016f nebo p\u0159ipom\u00ednek t\u00fdkaj\u00edc\u00edch se na\u0161ich webov\u00fdch str\u00e1nek nebo na\u0161\u00ed spole\u010dnosti n\u00e1s pros\u00edm kontaktujte pomoc\u00ed v\u00fd\u0161e uveden\u00fdch kontaktn\u00edch \u00fadaj\u016f.<\/p>\n<p><b>Z\u00e1sady ochrany osobn\u00edch \u00fadaj\u016f:<\/b><br \/>\nRespektujeme va\u0161e soukrom\u00ed a chr\u00e1n\u00edme va\u0161e osobn\u00ed \u00fadaje. Dal\u0161\u00ed informace naleznete v na\u0161ich z\u00e1sad\u00e1ch ochrany osobn\u00edch \u00fadaj\u016f.<\/p>\n","protected":false},"excerpt":{"rendered":"<p>Tyto webov\u00e9 str\u00e1nky vlastn\u00ed spole\u010dnost Aneurcontr S.R.O. Sna\u017e\u00edme se na\u0161im u\u017eivatel\u016fm poskytovat relevantn\u00ed a u\u017eite\u010dn\u00e9 informace. N\u00e1zev spole\u010dnosti: Aneurcontr S.R.O. Pr\u00e1vn\u00ed adresa: n\u00e1m. M\u00edru 137\/78, 568 02 Svitavy 2, \u010cesk\u00e1&hellip;<\/p>\n","protected":false},"author":1,"featured_media":0,"parent":0,"menu_order":0,"comment_status":"closed","ping_status":"closed","template":"","meta":{"footnotes":""},"class_list":["post-1398","page","type-page","status-publish","hentry"],"_links":{"self":[{"href":"https:\/\/aneurcontr.com\/index.php?rest_route=\/wp\/v2\/pages\/1398","targetHints":{"allow":["GET"]}}],"collection":[{"href":"https:\/\/aneurcontr.com\/index.php?rest_route=\/wp\/v2\/pages"}],"about":[{"href":"https:\/\/aneurcontr.com\/index.php?rest_route=\/wp\/v2\/types\/page"}],"author":[{"embeddable":true,"href":"https:\/\/aneurcontr.com\/index.php?rest_route=\/wp\/v2\/users\/1"}],"replies":[{"embeddable":true,"href":"https:\/\/aneurcontr.com\/index.php?rest_route=%2Fwp%2Fv2%2Fcomments&post=1398"}],"version-history":[{"count":1,"href":"https:\/\/aneurcontr.com\/index.php?rest_route=\/wp\/v2\/pages\/1398\/revisions"}],"predecessor-version":[{"id":1402,"href":"https:\/\/aneurcontr.com\/index.php?rest_route=\/wp\/v2\/pages\/1398\/revisions\/1402"}],"wp:attachment":[{"href":"https:\/\/aneurcontr.com\/index.php?rest_route=%2Fwp%2Fv2%2Fmedia&parent=1398"}],"curies":[{"name":"wp","href":"https:\/\/api.w.org\/{rel}","templated":true}]}}